{"id":27,"date":"2024-11-22T09:24:25","date_gmt":"2024-11-22T08:24:25","guid":{"rendered":"https:\/\/hum813.es\/foodcity\/?page_id=27"},"modified":"2025-07-25T18:42:05","modified_gmt":"2025-07-25T16:42:05","slug":"equipo","status":"publish","type":"page","link":"https:\/\/hum813.es\/foodcity\/equipo\/","title":{"rendered":"Equipo"},"content":{"rendered":"\t\t<div data-elementor-type=\"wp-page\" data-elementor-id=\"27\" class=\"elementor elementor-27\" data-elementor-post-type=\"page\">\n\t\t\t\t<div class=\"elementor-element elementor-element-3ef6345 e-con-full e-flex e-con e-parent\" data-id=\"3ef6345\" data-element_type=\"container\">\n\t\t<div class=\"elementor-element elementor-element-d5fd9ef e-con-full e-flex e-con e-child\" data-id=\"d5fd9ef\" data-element_type=\"container\">\n\t\t\t\t<div class=\"elementor-element elementor-element-cd9b1f9 justify-text elementor-widget elementor-widget-post-info\" data-id=\"cd9b1f9\" data-element_type=\"widget\" data-widget_type=\"post-info.default\">\n\t\t\t\t<div class=\"elementor-widget-container\">\n\t\t\t\t\t\t\t<ul class=\"elementor-icon-list-items elementor-post-info\">\n\t\t\t\t\t\t\t\t<li class=\"elementor-icon-list-item elementor-repeater-item-7e17696\">\n\t\t\t\t\t\t\t\t\t\t<span class=\"elementor-icon-list-icon\">\n\t\t\t\t\t\t\t\t<svg aria-hidden=\"true\" class=\"e-font-icon-svg e-fas-square-full\" viewBox=\"0 0 512 512\" xmlns=\"http:\/\/www.w3.org\/2000\/svg\"><path d=\"M512 512H0V0h512v512z\"><\/path><\/svg>\t\t\t\t\t\t\t<\/span>\n\t\t\t\t\t\t\t\t\t<span class=\"elementor-icon-list-text elementor-post-info__item elementor-post-info__item--type-custom\">\n\t\t\t\t\t\t\t\t\t\tFinanciaci\u00f3n: Food for the Future - Atlas es uno de los resultados del proyecto de investigaci\u00f3n PDI2020\u2013115039GB-I00, \u201cComida y Ciudad. De lo dom\u00e9stico al espacio p\u00fablico. Elementos para una historia, argumentos para el proyecto contempor\u00e1neo\u201d (FoodCity), financiado por el MCIN\/AEI\/10.13039\/501100011033.\t\t\t\t\t<\/span>\n\t\t\t\t\t\t\t\t<\/li>\n\t\t\t\t<li class=\"elementor-icon-list-item elementor-repeater-item-bcc88da\">\n\t\t\t\t\t\t\t\t\t\t<span class=\"elementor-icon-list-icon\">\n\t\t\t\t\t\t\t\t<svg aria-hidden=\"true\" class=\"e-font-icon-svg e-fas-square-full\" viewBox=\"0 0 512 512\" xmlns=\"http:\/\/www.w3.org\/2000\/svg\"><path d=\"M512 512H0V0h512v512z\"><\/path><\/svg>\t\t\t\t\t\t\t<\/span>\n\t\t\t\t\t\t\t\t\t<span class=\"elementor-icon-list-text elementor-post-info__item elementor-post-info__item--type-custom\">\n\t\t\t\t\t\t\t\t\t\tInvestigadores principales del proyecto: David Arredondo Garrido, Juan Calatrava (Universidad de Granada).\t\t\t\t\t<\/span>\n\t\t\t\t\t\t\t\t<\/li>\n\t\t\t\t<li class=\"elementor-icon-list-item elementor-repeater-item-15d6719\">\n\t\t\t\t\t\t\t\t\t\t<span class=\"elementor-icon-list-icon\">\n\t\t\t\t\t\t\t\t<svg aria-hidden=\"true\" class=\"e-font-icon-svg e-fas-square-full\" viewBox=\"0 0 512 512\" xmlns=\"http:\/\/www.w3.org\/2000\/svg\"><path d=\"M512 512H0V0h512v512z\"><\/path><\/svg>\t\t\t\t\t\t\t<\/span>\n\t\t\t\t\t\t\t\t\t<span class=\"elementor-icon-list-text elementor-post-info__item elementor-post-info__item--type-custom\">\n\t\t\t\t\t\t\t\t\t\tMiembros de los equipos investigador y de trabajo: Juan Manuel Barrios Roz\u00faa (Universidad de Granada, UGR), Ana del Cid Mendoza (UGR), Davide Fanfani (Universit\u00e0 degli Studi di Firenze), Francisco Garc\u00eda P\u00e9rez (Universidad de Las Palmas), Anna Giannetti (Universit\u00e0 della Campania Luigi Vanvitelli), Rafael de Lacour Jim\u00e9nez (UGR), Alberto Matar\u00e1n Ruiz (UGR), Alejandro Mu\u00f1oz Miranda (UGR), Eduardo Prieto Gonz\u00e1lez (Universidad Polit\u00e9cnica de Madrid), Marta Rodr\u00edguez Iturriaga (UGR), Marta Sequeira (Universidade Aut\u00f3noma de Lisboa), Manuel S\u00e1nchez Garc\u00eda (Universidad Polit\u00e9cnica de Madrid).\t\t\t\t\t<\/span>\n\t\t\t\t\t\t\t\t<\/li>\n\t\t\t\t<li class=\"elementor-icon-list-item elementor-repeater-item-47a567f\">\n\t\t\t\t\t\t\t\t\t\t<span class=\"elementor-icon-list-icon\">\n\t\t\t\t\t\t\t\t<svg aria-hidden=\"true\" class=\"e-font-icon-svg e-fas-square-full\" viewBox=\"0 0 512 512\" xmlns=\"http:\/\/www.w3.org\/2000\/svg\"><path d=\"M512 512H0V0h512v512z\"><\/path><\/svg>\t\t\t\t\t\t\t<\/span>\n\t\t\t\t\t\t\t\t\t<span class=\"elementor-icon-list-text elementor-post-info__item elementor-post-info__item--type-custom\">\n\t\t\t\t\t\t\t\t\t\tRedacci\u00f3n y levantamientos planim\u00e9tricos: Nil Carreras del Peso (Local Cooperativa de Arquitectes) y Mario S\u00e1nchez Samos (Berenguer Samos Arquitectos).\t\t\t\t\t<\/span>\n\t\t\t\t\t\t\t\t<\/li>\n\t\t\t\t<li class=\"elementor-icon-list-item elementor-repeater-item-42853f1\">\n\t\t\t\t\t\t\t\t\t\t<span class=\"elementor-icon-list-icon\">\n\t\t\t\t\t\t\t\t<svg aria-hidden=\"true\" class=\"e-font-icon-svg e-fas-square-full\" viewBox=\"0 0 512 512\" xmlns=\"http:\/\/www.w3.org\/2000\/svg\"><path d=\"M512 512H0V0h512v512z\"><\/path><\/svg>\t\t\t\t\t\t\t<\/span>\n\t\t\t\t\t\t\t\t\t<span class=\"elementor-icon-list-text elementor-post-info__item elementor-post-info__item--type-custom\">\n\t\t\t\t\t\t\t\t\t\tOtros participantes en el proyecto: Los estudiantes del Grado en Fundamentos de la Arquitectura de la Universidad de Granada, de las asignaturas de Composici\u00f3n Arquitect\u00f3nica 1 y 2 durante el curso 2024-25 (profesores Marta Rodr\u00edguez Iturriaga, Eva Chac\u00f3n Linares, Juan Calatrava Escobar, Bernardino L\u00edndez Vilches y David Arredondo Garrido) participaron en el proyecto, colaborando en la selecci\u00f3n de im\u00e1genes, redacci\u00f3n de textos y elaborando maquetas de edificios seleccionados.\t\t\t\t\t<\/span>\n\t\t\t\t\t\t\t\t<\/li>\n\t\t\t\t<li class=\"elementor-icon-list-item elementor-repeater-item-d982bf8\">\n\t\t\t\t\t\t\t\t\t\t<span class=\"elementor-icon-list-icon\">\n\t\t\t\t\t\t\t\t<svg aria-hidden=\"true\" class=\"e-font-icon-svg e-fas-square-full\" viewBox=\"0 0 512 512\" xmlns=\"http:\/\/www.w3.org\/2000\/svg\"><path d=\"M512 512H0V0h512v512z\"><\/path><\/svg>\t\t\t\t\t\t\t<\/span>\n\t\t\t\t\t\t\t\t\t<span class=\"elementor-icon-list-text elementor-post-info__item elementor-post-info__item--type-custom\">\n\t\t\t\t\t\t\t\t\t\tDise\u00f1o web: Si2 Soluciones.\t\t\t\t\t<\/span>\n\t\t\t\t\t\t\t\t<\/li>\n\t\t\t\t<li class=\"elementor-icon-list-item elementor-repeater-item-e94fd67\">\n\t\t\t\t\t\t\t\t\t\t<span class=\"elementor-icon-list-icon\">\n\t\t\t\t\t\t\t\t<svg aria-hidden=\"true\" class=\"e-font-icon-svg e-far-comment-alt\" viewBox=\"0 0 512 512\" xmlns=\"http:\/\/www.w3.org\/2000\/svg\"><path d=\"M448 0H64C28.7 0 0 28.7 0 64v288c0 35.3 28.7 64 64 64h96v84c0 7.1 5.8 12 12 12 2.4 0 4.9-.7 7.1-2.4L304 416h144c35.3 0 64-28.7 64-64V64c0-35.3-28.7-64-64-64zm16 352c0 8.8-7.2 16-16 16H288l-12.8 9.6L208 428v-60H64c-8.8 0-16-7.2-16-16V64c0-8.8 7.2-16 16-16h384c8.8 0 16 7.2 16 16v288z\"><\/path><\/svg>\t\t\t\t\t\t\t<\/span>\n\t\t\t\t\t\t\t\t\t<span class=\"elementor-icon-list-text elementor-post-info__item elementor-post-info__item--type-custom\">\n\t\t\t\t\t\t\t\t\t\tFood for the Future Atlas es una investigaci\u00f3n abierta. Si quieres aportar un proyecto relevante para este registro, puedes escribir a gihum813@gmail.com\t\t\t\t\t<\/span>\n\t\t\t\t\t\t\t\t<\/li>\n\t\t\t\t<\/ul>\n\t\t\t\t\t\t<\/div>\n\t\t\t\t<\/div>\n\t\t\t\t<div class=\"elementor-element elementor-element-b0fef8f elementor-widget elementor-widget-image\" data-id=\"b0fef8f\" data-element_type=\"widget\" data-widget_type=\"image.default\">\n\t\t\t\t<div class=\"elementor-widget-container\">\n\t\t\t\t\t\t\t\t\t\t\t\t<figure class=\"wp-caption\">\n\t\t\t\t\t\t\t\t\t\t<img fetchpriority=\"high\" decoding=\"async\" width=\"768\" height=\"189\" src=\"https:\/\/hum813.es\/foodcity\/wp-content\/uploads\/2025\/02\/MICIUAEI-768x189.jpeg\" class=\"attachment-medium_large size-medium_large wp-image-1241\" alt=\"\" srcset=\"https:\/\/hum813.es\/foodcity\/wp-content\/uploads\/2025\/02\/MICIUAEI-768x189.jpeg 768w, https:\/\/hum813.es\/foodcity\/wp-content\/uploads\/2025\/02\/MICIUAEI-300x74.jpeg 300w, https:\/\/hum813.es\/foodcity\/wp-content\/uploads\/2025\/02\/MICIUAEI-1024x251.jpeg 1024w, https:\/\/hum813.es\/foodcity\/wp-content\/uploads\/2025\/02\/MICIUAEI-1536x377.jpeg 1536w, https:\/\/hum813.es\/foodcity\/wp-content\/uploads\/2025\/02\/MICIUAEI-2048x503.jpeg 2048w, https:\/\/hum813.es\/foodcity\/wp-content\/uploads\/2025\/02\/MICIUAEI-18x4.jpeg 18w\" sizes=\"(max-width: 768px) 100vw, 768px\" \/>\t\t\t\t\t\t\t\t\t\t\t<figcaption class=\"widget-image-caption wp-caption-text\">Proyecto PID2020-115039GB-100 (FoodCity) financiado por el MCIN\/AEI\/10.13039\/501100011033.<\/figcaption>\n\t\t\t\t\t\t\t\t\t\t<\/figure>\n\t\t\t\t\t\t\t\t\t<\/div>\n\t\t\t\t<\/div>\n\t\t\t\t<\/div>\n\t\t<div class=\"elementor-element elementor-element-caee763 e-con-full e-flex e-con e-child\" data-id=\"caee763\" data-element_type=\"container\">\n\t\t\t\t<\/div>\n\t\t\t\t<\/div>\n\t\t\t\t<\/div>\n\t\t","protected":false},"excerpt":{"rendered":"<p>Proyecto PID2020-115039GB-100 (FoodCity) financiado por el MCIN\/AEI\/10.13039\/501100011033.<\/p>\n","protected":false},"author":1,"featured_media":0,"parent":0,"menu_order":0,"comment_status":"closed","ping_status":"closed","template":"","meta":{"footnotes":""},"class_list":["post-27","page","type-page","status-publish","hentry"],"_links":{"self":[{"href":"https:\/\/hum813.es\/foodcity\/wp-json\/wp\/v2\/pages\/27","targetHints":{"allow":["GET"]}}],"collection":[{"href":"https:\/\/hum813.es\/foodcity\/wp-json\/wp\/v2\/pages"}],"about":[{"href":"https:\/\/hum813.es\/foodcity\/wp-json\/wp\/v2\/types\/page"}],"author":[{"embeddable":true,"href":"https:\/\/hum813.es\/foodcity\/wp-json\/wp\/v2\/users\/1"}],"replies":[{"embeddable":true,"href":"https:\/\/hum813.es\/foodcity\/wp-json\/wp\/v2\/comments?post=27"}],"version-history":[{"count":44,"href":"https:\/\/hum813.es\/foodcity\/wp-json\/wp\/v2\/pages\/27\/revisions"}],"predecessor-version":[{"id":2139,"href":"https:\/\/hum813.es\/foodcity\/wp-json\/wp\/v2\/pages\/27\/revisions\/2139"}],"wp:attachment":[{"href":"https:\/\/hum813.es\/foodcity\/wp-json\/wp\/v2\/media?parent=27"}],"curies":[{"name":"wp","href":"https:\/\/api.w.org\/{rel}","templated":true}]}}